{"id":21,"date":"2018-01-07T19:10:56","date_gmt":"2018-01-07T18:10:56","guid":{"rendered":"http:\/\/api-green.com\/?page_id=21"},"modified":"2019-01-21T15:51:44","modified_gmt":"2019-01-21T14:51:44","slug":"mentions-legales","status":"publish","type":"page","link":"https:\/\/api-green.com\/index.php\/mentions-legales\/","title":{"rendered":"Mentions l\u00e9gales"},"content":{"rendered":"<p>[et_pb_section fb_built=\u00a0\u00bb1&Prime; _builder_version=\u00a0\u00bb3.0.47&Prime;][et_pb_row _builder_version=\u00a0\u00bb3.0.47&Prime; background_size=\u00a0\u00bbinitial\u00a0\u00bb background_position=\u00a0\u00bbtop_left\u00a0\u00bb background_repeat=\u00a0\u00bbrepeat\u00a0\u00bb][et_pb_column type=\u00a0\u00bb4_4&Prime; _builder_version=\u00a0\u00bb3.0.47&Prime; parallax=\u00a0\u00bboff\u00a0\u00bb parallax_method=\u00a0\u00bbon\u00a0\u00bb][et_pb_text _builder_version=\u00a0\u00bb3.0.74&Prime; background_size=\u00a0\u00bbinitial\u00a0\u00bb background_position=\u00a0\u00bbtop_left\u00a0\u00bb background_repeat=\u00a0\u00bbrepeat\u00a0\u00bb]<\/p>\n<p>Api-green<\/p>\n<p>Wijnen Mathieu 15 borne Saint Maur 59553 Lauwin Planque France<\/p>\n<p><a href=\"mailto:contact@apigreen.fr\">contact@api-green.com<\/a> tel\u00a0: 06 85 49 10 98<\/p>\n<p>SIREN: 845 155 829 code APE: 0149Z<\/p>\n<p>Directeur de la publication\u00a0: Mathieu Wijnen<\/p>\n<p>H\u00e9bergeur du site\u00a0: OVH, 2 Rue Kellermann, 59100 Roubaix, tel\u00a0: 0972101007<\/p>\n<p>[\/et_pb_text][\/et_pb_column][\/et_pb_row][\/et_pb_section]<\/p>\n","protected":false},"excerpt":{"rendered":"<p>Api-green Wijnen Mathieu 15 borne Saint Maur 59553 Lauwin Planque France contact@api-green.com tel\u00a0: 06 85 49 10 98 SIREN: 845 155 829 code APE: 0149Z Directeur de la publication\u00a0: Mathieu Wijnen H\u00e9bergeur du site\u00a0: OVH, 2 Rue Kellermann, 59100 Roubaix, tel\u00a0: 0972101007<\/p>\n","protected":false},"author":1,"featured_media":0,"parent":0,"menu_order":0,"comment_status":"closed","ping_status":"closed","template":"","meta":{"_et_pb_use_builder":"on","_et_pb_old_content":"<p>Api-green<\/p><p>Wijnen Mathieu 15 borne Saint Maur 59553 Lauwin Planque France<\/p><p><a href=\"mailto:contact@apigreen.fr\">contact@api-green.com<\/a> tel\u00a0: 03 27 87 26 24<\/p><p>Num\u00e9ro d'inscription au registre du commerce et des soci\u00e9t\u00e9s (RCS)\u00a0; en cours<\/p><p>Directeur de la publication\u00a0: Mathieu Wijnen<\/p><p>H\u00e9bergeur du site\u00a0: OVH, 2 Rue Kellermann, 59100 Roubaix, tel\u00a0: 0972101007.<\/p><p>Num\u00e9ro de d\u00e9claration simplifi\u00e9e Cnil\u00a0: en cours<\/p>","_et_gb_content_width":"","footnotes":""},"class_list":["post-21","page","type-page","status-publish","hentry"],"yoast_head":"<!-- This site is optimized with the Yoast SEO plugin v25.4 - https:\/\/yoast.com\/wordpress\/plugins\/seo\/ -->\n<title>Mentions l\u00e9gales - Api-green<\/title>\n<meta name=\"robots\" content=\"index, follow, max-snippet:-1, max-image-preview:large, max-video-preview:-1\" \/>\n<link rel=\"canonical\" href=\"https:\/\/api-green.com\/index.php\/mentions-legales\/\" \/>\n<meta property=\"og:locale\" content=\"fr_FR\" \/>\n<meta property=\"og:type\" content=\"article\" \/>\n<meta property=\"og:title\" content=\"Mentions l\u00e9gales - Api-green\" \/>\n<meta property=\"og:description\" content=\"Api-green Wijnen Mathieu 15 borne Saint Maur 59553 Lauwin Planque France contact@api-green.com tel\u00a0: 06 85 49 10 98 SIREN: 845 155 829 code APE: 0149Z Directeur de la publication\u00a0: Mathieu Wijnen H\u00e9bergeur du site\u00a0: OVH, 2 Rue Kellermann, 59100 Roubaix, tel\u00a0: 0972101007\" \/>\n<meta property=\"og:url\" content=\"https:\/\/api-green.com\/index.php\/mentions-legales\/\" \/>\n<meta property=\"og:site_name\" content=\"Api-green\" \/>\n<meta property=\"article:modified_time\" content=\"2019-01-21T14:51:44+00:00\" \/>\n<meta name=\"twitter:card\" content=\"summary_large_image\" \/>\n<script type=\"application\/ld+json\" class=\"yoast-schema-graph\">{\"@context\":\"https:\/\/schema.org\",\"@graph\":[{\"@type\":\"WebPage\",\"@id\":\"https:\/\/api-green.com\/index.php\/mentions-legales\/\",\"url\":\"https:\/\/api-green.com\/index.php\/mentions-legales\/\",\"name\":\"Mentions l\u00e9gales - Api-green\",\"isPartOf\":{\"@id\":\"https:\/\/api-green.com\/#website\"},\"datePublished\":\"2018-01-07T18:10:56+00:00\",\"dateModified\":\"2019-01-21T14:51:44+00:00\",\"breadcrumb\":{\"@id\":\"https:\/\/api-green.com\/index.php\/mentions-legales\/#breadcrumb\"},\"inLanguage\":\"fr-FR\",\"potentialAction\":[{\"@type\":\"ReadAction\",\"target\":[\"https:\/\/api-green.com\/index.php\/mentions-legales\/\"]}]},{\"@type\":\"BreadcrumbList\",\"@id\":\"https:\/\/api-green.com\/index.php\/mentions-legales\/#breadcrumb\",\"itemListElement\":[{\"@type\":\"ListItem\",\"position\":1,\"name\":\"Accueil\",\"item\":\"https:\/\/api-green.com\/\"},{\"@type\":\"ListItem\",\"position\":2,\"name\":\"Mentions l\u00e9gales\"}]},{\"@type\":\"WebSite\",\"@id\":\"https:\/\/api-green.com\/#website\",\"url\":\"https:\/\/api-green.com\/\",\"name\":\"Api-green\",\"description\":\"Aidez les abeilles\",\"potentialAction\":[{\"@type\":\"SearchAction\",\"target\":{\"@type\":\"EntryPoint\",\"urlTemplate\":\"https:\/\/api-green.com\/?s={search_term_string}\"},\"query-input\":{\"@type\":\"PropertyValueSpecification\",\"valueRequired\":true,\"valueName\":\"search_term_string\"}}],\"inLanguage\":\"fr-FR\"}]}<\/script>\n<!-- \/ Yoast SEO plugin. -->","yoast_head_json":{"title":"Mentions l\u00e9gales - Api-green","robots":{"index":"index","follow":"follow","max-snippet":"max-snippet:-1","max-image-preview":"max-image-preview:large","max-video-preview":"max-video-preview:-1"},"canonical":"https:\/\/api-green.com\/index.php\/mentions-legales\/","og_locale":"fr_FR","og_type":"article","og_title":"Mentions l\u00e9gales - Api-green","og_description":"Api-green Wijnen Mathieu 15 borne Saint Maur 59553 Lauwin Planque France contact@api-green.com tel\u00a0: 06 85 49 10 98 SIREN: 845 155 829 code APE: 0149Z Directeur de la publication\u00a0: Mathieu Wijnen H\u00e9bergeur du site\u00a0: OVH, 2 Rue Kellermann, 59100 Roubaix, tel\u00a0: 0972101007","og_url":"https:\/\/api-green.com\/index.php\/mentions-legales\/","og_site_name":"Api-green","article_modified_time":"2019-01-21T14:51:44+00:00","twitter_card":"summary_large_image","schema":{"@context":"https:\/\/schema.org","@graph":[{"@type":"WebPage","@id":"https:\/\/api-green.com\/index.php\/mentions-legales\/","url":"https:\/\/api-green.com\/index.php\/mentions-legales\/","name":"Mentions l\u00e9gales - Api-green","isPartOf":{"@id":"https:\/\/api-green.com\/#website"},"datePublished":"2018-01-07T18:10:56+00:00","dateModified":"2019-01-21T14:51:44+00:00","breadcrumb":{"@id":"https:\/\/api-green.com\/index.php\/mentions-legales\/#breadcrumb"},"inLanguage":"fr-FR","potentialAction":[{"@type":"ReadAction","target":["https:\/\/api-green.com\/index.php\/mentions-legales\/"]}]},{"@type":"BreadcrumbList","@id":"https:\/\/api-green.com\/index.php\/mentions-legales\/#breadcrumb","itemListElement":[{"@type":"ListItem","position":1,"name":"Accueil","item":"https:\/\/api-green.com\/"},{"@type":"ListItem","position":2,"name":"Mentions l\u00e9gales"}]},{"@type":"WebSite","@id":"https:\/\/api-green.com\/#website","url":"https:\/\/api-green.com\/","name":"Api-green","description":"Aidez les abeilles","potentialAction":[{"@type":"SearchAction","target":{"@type":"EntryPoint","urlTemplate":"https:\/\/api-green.com\/?s={search_term_string}"},"query-input":{"@type":"PropertyValueSpecification","valueRequired":true,"valueName":"search_term_string"}}],"inLanguage":"fr-FR"}]}},"_links":{"self":[{"href":"https:\/\/api-green.com\/index.php\/wp-json\/wp\/v2\/pages\/21","targetHints":{"allow":["GET"]}}],"collection":[{"href":"https:\/\/api-green.com\/index.php\/wp-json\/wp\/v2\/pages"}],"about":[{"href":"https:\/\/api-green.com\/index.php\/wp-json\/wp\/v2\/types\/page"}],"author":[{"embeddable":true,"href":"https:\/\/api-green.com\/index.php\/wp-json\/wp\/v2\/users\/1"}],"replies":[{"embeddable":true,"href":"https:\/\/api-green.com\/index.php\/wp-json\/wp\/v2\/comments?post=21"}],"version-history":[{"count":6,"href":"https:\/\/api-green.com\/index.php\/wp-json\/wp\/v2\/pages\/21\/revisions"}],"predecessor-version":[{"id":585,"href":"https:\/\/api-green.com\/index.php\/wp-json\/wp\/v2\/pages\/21\/revisions\/585"}],"wp:attachment":[{"href":"https:\/\/api-green.com\/index.php\/wp-json\/wp\/v2\/media?parent=21"}],"curies":[{"name":"wp","href":"https:\/\/api.w.org\/{rel}","templated":true}]}}