{"id":31,"date":"2018-01-07T19:12:17","date_gmt":"2018-01-07T18:12:17","guid":{"rendered":"http:\/\/api-green.com\/?page_id=31"},"modified":"2024-01-17T15:08:08","modified_gmt":"2024-01-17T14:08:08","slug":"tarifs-api-green","status":"publish","type":"page","link":"https:\/\/api-green.com\/index.php\/tarifs-api-green\/","title":{"rendered":"Tarifs Api-green"},"content":{"rendered":"<p>[et_pb_section fb_built=\u00a0\u00bb1&Prime; _builder_version=\u00a0\u00bb4.16&Prime; custom_padding=\u00a0\u00bb0px|0px|42.8667px|0px\u00a0\u00bb global_colors_info=\u00a0\u00bb{}\u00a0\u00bb][et_pb_row module_class=\u00a0\u00bb et_pb_row_fullwidth\u00a0\u00bb _builder_version=\u00a0\u00bb4.16&Prime; background_size=\u00a0\u00bbinitial\u00a0\u00bb background_position=\u00a0\u00bbtop_left\u00a0\u00bb background_repeat=\u00a0\u00bbrepeat\u00a0\u00bb width=\u00a0\u00bb89%\u00a0\u00bb width_tablet=\u00a0\u00bb80%\u00a0\u00bb width_last_edited=\u00a0\u00bbon|desktop\u00a0\u00bb max_width=\u00a0\u00bb89%\u00a0\u00bb max_width_tablet=\u00a0\u00bb80%\u00a0\u00bb max_width_last_edited=\u00a0\u00bbon|desktop\u00a0\u00bb custom_margin=\u00a0\u00bb|||\u00a0\u00bb custom_padding=\u00a0\u00bb0px|0px|21.4333px|0px\u00a0\u00bb make_fullwidth=\u00a0\u00bbon\u00a0\u00bb global_colors_info=\u00a0\u00bb{}\u00a0\u00bb width_phone=\u00a0\u00bb80%\u00a0\u00bb max_width_phone=\u00a0\u00bb80%\u00a0\u00bb][et_pb_column type=\u00a0\u00bb4_4&Prime; _builder_version=\u00a0\u00bb4.16&Prime; custom_padding=\u00a0\u00bb|||\u00a0\u00bb global_colors_info=\u00a0\u00bb{}\u00a0\u00bb custom_padding__hover=\u00a0\u00bb|||\u00a0\u00bb][et_pb_image src=\u00a0\u00bbhttp:\/\/api-green.com\/wp-content\/uploads\/2018\/01\/Logo-API-Green-sans-fond2.png\u00a0\u00bb align=\u00a0\u00bbcenter\u00a0\u00bb align_tablet=\u00a0\u00bbcenter\u00a0\u00bb align_last_edited=\u00a0\u00bbon|desktop\u00a0\u00bb _builder_version=\u00a0\u00bb4.16&Prime; max_width=\u00a0\u00bb11%\u00a0\u00bb custom_margin=\u00a0\u00bb20px|||\u00a0\u00bb global_colors_info=\u00a0\u00bb{}\u00a0\u00bb align_phone=\u00a0\u00bbcenter\u00a0\u00bb] [\/et_pb_image][et_pb_text _builder_version=\u00a0\u00bb4.16&Prime; global_colors_info=\u00a0\u00bb{}\u00a0\u00bb]<\/p>\n<h1 style=\"text-align: center;\">Tarifs Api-green<\/h1>\n<h2>\u00a0<\/h2>\n<h2 style=\"text-align: justify;\">Prestations installer une ruche\u00a0:<\/h2>\n<p style=\"text-align: justify;\">La prestation comprend: l&rsquo;installation et l\u2019entretien de votre ruche au sol, des outils de communication (affiches, dipl\u00f4me, cartes), des photos pour vos r\u00e9seaux sociaux, la r\u00e9colte du miel*, l&#8217;embouteillage, l\u2019\u00e9tiquetage des pots (non fournis) avec votre logo et un agenda des visites d&rsquo;entretien de votre ruche.<\/p>\n<p style=\"text-align: justify;\">Prix d&rsquo;une ruche sur votre site\u00a0: 2800\u20ac par an soit <strong>233\u20ac \/ mois<\/strong><\/p>\n<p style=\"text-align: justify;\">Prix de deux ruches sur votre site\u00a0: 2000\u20ac par an par ruche soit <strong>167\u20ac \/ mois<\/strong><\/p>\n<p style=\"text-align: justify;\">Prix de trois ruches et plus sur votre site\u00a0: 1600 \u20ac par an par ruche soit <strong>133 \u20ac \/ mois<\/strong><\/p>\n<p style=\"text-align: justify;\">Prix d\u2019une ruche sur notre site\u00a0: 900 \u20ac par an soit\u00a0<strong>75\u20ac \/ mois<\/strong><\/p>\n<p style=\"text-align: justify;\">Prix de deux ruches et plus sur notre site\u00a0: 800 \u20ac par an par ruche soit <strong>66\u20ac \/ mois<\/strong><\/p>\n<h2 style=\"text-align: justify;\">\u00a0<\/h2>\n<h2 style=\"text-align: justify;\">Prestations coh\u00e9sion d\u2019\u00e9quipe\u00a0:<\/h2>\n<p style=\"text-align: justify;\">1h30 d&rsquo;animation d&rsquo;\u00e9quipe sur la sensibilisation \u00e0 la protection de l\u2019environnement via l&rsquo;apiculture avec ouverture de la ruche de votre site (10 personnes) : 300 \u20ac<\/p>\n<p style=\"text-align: justify;\">1\/2 journ\u00e9e d&rsquo;animation d&rsquo;\u00e9quipe sur la sensibilisation \u00e0 la protection de l\u2019environnement via l&rsquo;apiculture en int\u00e9rieur avec ruchette de d\u00e9monstrations (15 personnes)\u00a0: 600\u20ac<\/p>\n<p style=\"text-align: justify;\">1\/2 journ\u00e9e d&rsquo;animation d&rsquo;\u00e9quipe sur la sensibilisation \u00e0 la protection de l\u2019environnement via la r\u00e9colte du miel (15 personnes) : 600\u20ac<\/p>\n<h2 style=\"text-align: justify;\">\u00a0<\/h2>\n<h2 style=\"text-align: justify;\">Prestations de sensibilisation \u00e0 l\u2019environnement (r\u00e9serv\u00e9 au scolaire):<\/h2>\n<p style=\"text-align: justify;\">1\/2 journ\u00e9e de sensibilisation aux \u00e9cosyst\u00e8mes et \u00e0 la protection de l\u2019environnement gr\u00e2ce \u00e0 l&rsquo;apiculture\u00a0: 600 \u20ac<\/p>\n<p style=\"text-align: justify;\">Nos tarifs sont nets de TVA<\/p>\n<p style=\"text-align: justify;\">TVA non applicable art 293b du CGI.<\/p>\n<p style=\"text-align: justify;\">* L&rsquo;ensemble du miel est remis au client sans aucune garantie sur les quantit\u00e9s de miel r\u00e9colt\u00e9es par Api-green.<\/p>\n<p>[\/et_pb_text][et_pb_button button_url=\u00a0\u00bbhttp:\/\/api-green.com\/index.php\/demandez-un-devis\/\u00a0\u00bb button_text=\u00a0\u00bbDemande de devis\u00a0\u00bb button_alignment=\u00a0\u00bbcenter\u00a0\u00bb _builder_version=\u00a0\u00bb4.16&Prime; custom_button=\u00a0\u00bbon\u00a0\u00bb button_text_color=\u00a0\u00bb#ffcc00&Prime; button_border_color=\u00a0\u00bb#ffcc00&Prime; global_colors_info=\u00a0\u00bb{}\u00a0\u00bb button_text_size__hover_enabled=\u00a0\u00bboff\u00a0\u00bb button_one_text_size__hover_enabled=\u00a0\u00bboff\u00a0\u00bb button_two_text_size__hover_enabled=\u00a0\u00bboff\u00a0\u00bb button_text_color__hover_enabled=\u00a0\u00bboff\u00a0\u00bb button_one_text_color__hover_enabled=\u00a0\u00bboff\u00a0\u00bb button_two_text_color__hover_enabled=\u00a0\u00bboff\u00a0\u00bb button_border_width__hover_enabled=\u00a0\u00bboff\u00a0\u00bb button_one_border_width__hover_enabled=\u00a0\u00bboff\u00a0\u00bb button_two_border_width__hover_enabled=\u00a0\u00bboff\u00a0\u00bb button_border_color__hover_enabled=\u00a0\u00bboff\u00a0\u00bb button_one_border_color__hover_enabled=\u00a0\u00bboff\u00a0\u00bb button_two_border_color__hover_enabled=\u00a0\u00bboff\u00a0\u00bb button_border_radius__hover_enabled=\u00a0\u00bboff\u00a0\u00bb button_one_border_radius__hover_enabled=\u00a0\u00bboff\u00a0\u00bb button_two_border_radius__hover_enabled=\u00a0\u00bboff\u00a0\u00bb button_letter_spacing__hover_enabled=\u00a0\u00bboff\u00a0\u00bb button_one_letter_spacing__hover_enabled=\u00a0\u00bboff\u00a0\u00bb button_two_letter_spacing__hover_enabled=\u00a0\u00bboff\u00a0\u00bb button_bg_color__hover_enabled=\u00a0\u00bboff\u00a0\u00bb button_one_bg_color__hover_enabled=\u00a0\u00bboff\u00a0\u00bb button_two_bg_color__hover_enabled=\u00a0\u00bboff\u00a0\u00bb][\/et_pb_button][\/et_pb_column][\/et_pb_row][\/et_pb_section]<\/p>\n","protected":false},"excerpt":{"rendered":"<p>Tarifs Api-green \u00a0 Prestations installer une ruche\u00a0: La prestation comprend: l&rsquo;installation et l\u2019entretien de votre ruche au sol, des outils de communication (affiches, dipl\u00f4me, cartes), des photos pour vos r\u00e9seaux sociaux, la r\u00e9colte du miel*, l&#8217;embouteillage, l\u2019\u00e9tiquetage des pots (non fournis) avec votre logo et un agenda des visites d&rsquo;entretien de votre ruche. Prix d&rsquo;une [&hellip;]<\/p>\n","protected":false},"author":1,"featured_media":0,"parent":0,"menu_order":0,"comment_status":"closed","ping_status":"closed","template":"","meta":{"_et_pb_use_builder":"on","_et_pb_old_content":"","_et_gb_content_width":"","footnotes":""},"class_list":["post-31","page","type-page","status-publish","hentry"],"yoast_head":"<!-- This site is optimized with the Yoast SEO plugin v25.4 - https:\/\/yoast.com\/wordpress\/plugins\/seo\/ -->\n<title>Tarifs Api-green - Api-green<\/title>\n<meta name=\"robots\" content=\"index, follow, max-snippet:-1, max-image-preview:large, max-video-preview:-1\" \/>\n<link rel=\"canonical\" href=\"https:\/\/api-green.com\/index.php\/tarifs-api-green\/\" \/>\n<meta property=\"og:locale\" content=\"fr_FR\" \/>\n<meta property=\"og:type\" content=\"article\" \/>\n<meta property=\"og:title\" content=\"Tarifs Api-green - Api-green\" \/>\n<meta property=\"og:description\" content=\"Tarifs Api-green \u00a0 Prestations installer une ruche\u00a0: La prestation comprend: l&#039;installation et l\u2019entretien de votre ruche au sol, des outils de communication (affiches, dipl\u00f4me, cartes), des photos pour vos r\u00e9seaux sociaux, la r\u00e9colte du miel*, l&#039;embouteillage, l\u2019\u00e9tiquetage des pots (non fournis) avec votre logo et un agenda des visites d&#039;entretien de votre ruche. Prix d&#039;une [&hellip;]\" \/>\n<meta property=\"og:url\" content=\"https:\/\/api-green.com\/index.php\/tarifs-api-green\/\" \/>\n<meta property=\"og:site_name\" content=\"Api-green\" \/>\n<meta property=\"article:modified_time\" content=\"2024-01-17T14:08:08+00:00\" \/>\n<meta name=\"twitter:card\" content=\"summary_large_image\" \/>\n<meta name=\"twitter:label1\" content=\"Dur\u00e9e de lecture estim\u00e9e\" \/>\n\t<meta name=\"twitter:data1\" content=\"3 minutes\" \/>\n<script type=\"application\/ld+json\" class=\"yoast-schema-graph\">{\"@context\":\"https:\/\/schema.org\",\"@graph\":[{\"@type\":\"WebPage\",\"@id\":\"https:\/\/api-green.com\/index.php\/tarifs-api-green\/\",\"url\":\"https:\/\/api-green.com\/index.php\/tarifs-api-green\/\",\"name\":\"Tarifs Api-green - Api-green\",\"isPartOf\":{\"@id\":\"https:\/\/api-green.com\/#website\"},\"datePublished\":\"2018-01-07T18:12:17+00:00\",\"dateModified\":\"2024-01-17T14:08:08+00:00\",\"breadcrumb\":{\"@id\":\"https:\/\/api-green.com\/index.php\/tarifs-api-green\/#breadcrumb\"},\"inLanguage\":\"fr-FR\",\"potentialAction\":[{\"@type\":\"ReadAction\",\"target\":[\"https:\/\/api-green.com\/index.php\/tarifs-api-green\/\"]}]},{\"@type\":\"BreadcrumbList\",\"@id\":\"https:\/\/api-green.com\/index.php\/tarifs-api-green\/#breadcrumb\",\"itemListElement\":[{\"@type\":\"ListItem\",\"position\":1,\"name\":\"Accueil\",\"item\":\"https:\/\/api-green.com\/\"},{\"@type\":\"ListItem\",\"position\":2,\"name\":\"Tarifs Api-green\"}]},{\"@type\":\"WebSite\",\"@id\":\"https:\/\/api-green.com\/#website\",\"url\":\"https:\/\/api-green.com\/\",\"name\":\"Api-green\",\"description\":\"Aidez les abeilles\",\"potentialAction\":[{\"@type\":\"SearchAction\",\"target\":{\"@type\":\"EntryPoint\",\"urlTemplate\":\"https:\/\/api-green.com\/?s={search_term_string}\"},\"query-input\":{\"@type\":\"PropertyValueSpecification\",\"valueRequired\":true,\"valueName\":\"search_term_string\"}}],\"inLanguage\":\"fr-FR\"}]}<\/script>\n<!-- \/ Yoast SEO plugin. -->","yoast_head_json":{"title":"Tarifs Api-green - Api-green","robots":{"index":"index","follow":"follow","max-snippet":"max-snippet:-1","max-image-preview":"max-image-preview:large","max-video-preview":"max-video-preview:-1"},"canonical":"https:\/\/api-green.com\/index.php\/tarifs-api-green\/","og_locale":"fr_FR","og_type":"article","og_title":"Tarifs Api-green - Api-green","og_description":"Tarifs Api-green \u00a0 Prestations installer une ruche\u00a0: La prestation comprend: l'installation et l\u2019entretien de votre ruche au sol, des outils de communication (affiches, dipl\u00f4me, cartes), des photos pour vos r\u00e9seaux sociaux, la r\u00e9colte du miel*, l'embouteillage, l\u2019\u00e9tiquetage des pots (non fournis) avec votre logo et un agenda des visites d'entretien de votre ruche. Prix d'une [&hellip;]","og_url":"https:\/\/api-green.com\/index.php\/tarifs-api-green\/","og_site_name":"Api-green","article_modified_time":"2024-01-17T14:08:08+00:00","twitter_card":"summary_large_image","twitter_misc":{"Dur\u00e9e de lecture estim\u00e9e":"3 minutes"},"schema":{"@context":"https:\/\/schema.org","@graph":[{"@type":"WebPage","@id":"https:\/\/api-green.com\/index.php\/tarifs-api-green\/","url":"https:\/\/api-green.com\/index.php\/tarifs-api-green\/","name":"Tarifs Api-green - Api-green","isPartOf":{"@id":"https:\/\/api-green.com\/#website"},"datePublished":"2018-01-07T18:12:17+00:00","dateModified":"2024-01-17T14:08:08+00:00","breadcrumb":{"@id":"https:\/\/api-green.com\/index.php\/tarifs-api-green\/#breadcrumb"},"inLanguage":"fr-FR","potentialAction":[{"@type":"ReadAction","target":["https:\/\/api-green.com\/index.php\/tarifs-api-green\/"]}]},{"@type":"BreadcrumbList","@id":"https:\/\/api-green.com\/index.php\/tarifs-api-green\/#breadcrumb","itemListElement":[{"@type":"ListItem","position":1,"name":"Accueil","item":"https:\/\/api-green.com\/"},{"@type":"ListItem","position":2,"name":"Tarifs Api-green"}]},{"@type":"WebSite","@id":"https:\/\/api-green.com\/#website","url":"https:\/\/api-green.com\/","name":"Api-green","description":"Aidez les abeilles","potentialAction":[{"@type":"SearchAction","target":{"@type":"EntryPoint","urlTemplate":"https:\/\/api-green.com\/?s={search_term_string}"},"query-input":{"@type":"PropertyValueSpecification","valueRequired":true,"valueName":"search_term_string"}}],"inLanguage":"fr-FR"}]}},"_links":{"self":[{"href":"https:\/\/api-green.com\/index.php\/wp-json\/wp\/v2\/pages\/31","targetHints":{"allow":["GET"]}}],"collection":[{"href":"https:\/\/api-green.com\/index.php\/wp-json\/wp\/v2\/pages"}],"about":[{"href":"https:\/\/api-green.com\/index.php\/wp-json\/wp\/v2\/types\/page"}],"author":[{"embeddable":true,"href":"https:\/\/api-green.com\/index.php\/wp-json\/wp\/v2\/users\/1"}],"replies":[{"embeddable":true,"href":"https:\/\/api-green.com\/index.php\/wp-json\/wp\/v2\/comments?post=31"}],"version-history":[{"count":14,"href":"https:\/\/api-green.com\/index.php\/wp-json\/wp\/v2\/pages\/31\/revisions"}],"predecessor-version":[{"id":689,"href":"https:\/\/api-green.com\/index.php\/wp-json\/wp\/v2\/pages\/31\/revisions\/689"}],"wp:attachment":[{"href":"https:\/\/api-green.com\/index.php\/wp-json\/wp\/v2\/media?parent=31"}],"curies":[{"name":"wp","href":"https:\/\/api.w.org\/{rel}","templated":true}]}}