{"id":33,"date":"2018-01-07T19:10:23","date_gmt":"2018-01-07T18:10:23","guid":{"rendered":"http:\/\/api-green.com\/?page_id=33"},"modified":"2019-12-24T09:16:29","modified_gmt":"2019-12-24T08:16:29","slug":"ils-aident-les-abeilles-faites-comme-eux","status":"publish","type":"page","link":"https:\/\/api-green.com\/index.php\/ils-aident-les-abeilles-faites-comme-eux\/","title":{"rendered":"Ils aident les abeilles&#8230; Fa\u00eetes comme eux!"},"content":{"rendered":"\n[et_pb_section][et_pb_row][et_pb_column type=\u00a0\u00bb4_4&Prime;][et_pb_text]Ils participent \u00e0 la protection de l&rsquo;environnement gr\u00e2ce aux abeilles. Pourquoi pas vous?[\/et_pb_text][\/et_pb_column][\/et_pb_row][\/et_pb_section]\n","protected":false},"excerpt":{"rendered":"<p><div class=\"et_pb_section et_pb_section_0 et_section_regular\" >\n\t\t\t\t\n\t\t\t\t\n\t\t\t\t\n\t\t\t\t\n\t\t\t\t\n\t\t\t\t\n\t\t\t\t\n\t\t\t\t\n\t\t\t\t\n\t\t\t<\/div><div class=\"et_pb_row et_pb_row_0 et_pb_row_empty\">\n\t\t\t\t\n\t\t\t\t\n\t\t\t\t\n\t\t\t\t\n\t\t\t\t\n\t\t\t<\/div><div class=\"et_pb_module et_pb_text et_pb_text_0  et_pb_text_align_left et_pb_bg_layout_light\">\n\t\t\t\t\n\t\t\t\t\n\t\t\t\t\n\t\t\t\t\n\t\t\t\t\n\t\t\t<\/div>Ils participent \u00e0 la protection de l&rsquo;environnement gr\u00e2ce aux abeilles. Pourquoi pas vous?<\/p>\n","protected":false},"author":1,"featured_media":0,"parent":0,"menu_order":0,"comment_status":"closed","ping_status":"closed","template":"","meta":{"_et_pb_use_builder":"on","_et_pb_old_content":"Ils participent \u00e0 la protection de l'environnement gr\u00e2ce aux abeilles. Pourquoi pas vous?","_et_gb_content_width":"","footnotes":""},"class_list":["post-33","page","type-page","status-publish","hentry"],"yoast_head":"<!-- This site is optimized with the Yoast SEO plugin v25.4 - https:\/\/yoast.com\/wordpress\/plugins\/seo\/ -->\n<title>Ils aident les abeilles... Fa\u00eetes comme eux! - Api-green<\/title>\n<meta name=\"robots\" content=\"index, follow, max-snippet:-1, max-image-preview:large, max-video-preview:-1\" \/>\n<link rel=\"canonical\" href=\"https:\/\/api-green.com\/index.php\/ils-aident-les-abeilles-faites-comme-eux\/\" \/>\n<meta property=\"og:locale\" content=\"fr_FR\" \/>\n<meta property=\"og:type\" content=\"article\" \/>\n<meta property=\"og:title\" content=\"Ils aident les abeilles... Fa\u00eetes comme eux! - Api-green\" \/>\n<meta property=\"og:description\" content=\"Ils participent \u00e0 la protection de l&#039;environnement gr\u00e2ce aux abeilles. Pourquoi pas vous?\" \/>\n<meta property=\"og:url\" content=\"https:\/\/api-green.com\/index.php\/ils-aident-les-abeilles-faites-comme-eux\/\" \/>\n<meta property=\"og:site_name\" content=\"Api-green\" \/>\n<meta property=\"article:modified_time\" content=\"2019-12-24T08:16:29+00:00\" \/>\n<meta name=\"twitter:card\" content=\"summary_large_image\" \/>\n<script type=\"application\/ld+json\" class=\"yoast-schema-graph\">{\"@context\":\"https:\/\/schema.org\",\"@graph\":[{\"@type\":\"WebPage\",\"@id\":\"https:\/\/api-green.com\/index.php\/ils-aident-les-abeilles-faites-comme-eux\/\",\"url\":\"https:\/\/api-green.com\/index.php\/ils-aident-les-abeilles-faites-comme-eux\/\",\"name\":\"Ils aident les abeilles... Fa\u00eetes comme eux! - Api-green\",\"isPartOf\":{\"@id\":\"https:\/\/api-green.com\/#website\"},\"datePublished\":\"2018-01-07T18:10:23+00:00\",\"dateModified\":\"2019-12-24T08:16:29+00:00\",\"breadcrumb\":{\"@id\":\"https:\/\/api-green.com\/index.php\/ils-aident-les-abeilles-faites-comme-eux\/#breadcrumb\"},\"inLanguage\":\"fr-FR\",\"potentialAction\":[{\"@type\":\"ReadAction\",\"target\":[\"https:\/\/api-green.com\/index.php\/ils-aident-les-abeilles-faites-comme-eux\/\"]}]},{\"@type\":\"BreadcrumbList\",\"@id\":\"https:\/\/api-green.com\/index.php\/ils-aident-les-abeilles-faites-comme-eux\/#breadcrumb\",\"itemListElement\":[{\"@type\":\"ListItem\",\"position\":1,\"name\":\"Accueil\",\"item\":\"https:\/\/api-green.com\/\"},{\"@type\":\"ListItem\",\"position\":2,\"name\":\"Ils aident les abeilles&#8230; Fa\u00eetes comme eux!\"}]},{\"@type\":\"WebSite\",\"@id\":\"https:\/\/api-green.com\/#website\",\"url\":\"https:\/\/api-green.com\/\",\"name\":\"Api-green\",\"description\":\"Aidez les abeilles\",\"potentialAction\":[{\"@type\":\"SearchAction\",\"target\":{\"@type\":\"EntryPoint\",\"urlTemplate\":\"https:\/\/api-green.com\/?s={search_term_string}\"},\"query-input\":{\"@type\":\"PropertyValueSpecification\",\"valueRequired\":true,\"valueName\":\"search_term_string\"}}],\"inLanguage\":\"fr-FR\"}]}<\/script>\n<!-- \/ Yoast SEO plugin. -->","yoast_head_json":{"title":"Ils aident les abeilles... Fa\u00eetes comme eux! - Api-green","robots":{"index":"index","follow":"follow","max-snippet":"max-snippet:-1","max-image-preview":"max-image-preview:large","max-video-preview":"max-video-preview:-1"},"canonical":"https:\/\/api-green.com\/index.php\/ils-aident-les-abeilles-faites-comme-eux\/","og_locale":"fr_FR","og_type":"article","og_title":"Ils aident les abeilles... Fa\u00eetes comme eux! - Api-green","og_description":"Ils participent \u00e0 la protection de l'environnement gr\u00e2ce aux abeilles. Pourquoi pas vous?","og_url":"https:\/\/api-green.com\/index.php\/ils-aident-les-abeilles-faites-comme-eux\/","og_site_name":"Api-green","article_modified_time":"2019-12-24T08:16:29+00:00","twitter_card":"summary_large_image","schema":{"@context":"https:\/\/schema.org","@graph":[{"@type":"WebPage","@id":"https:\/\/api-green.com\/index.php\/ils-aident-les-abeilles-faites-comme-eux\/","url":"https:\/\/api-green.com\/index.php\/ils-aident-les-abeilles-faites-comme-eux\/","name":"Ils aident les abeilles... Fa\u00eetes comme eux! - Api-green","isPartOf":{"@id":"https:\/\/api-green.com\/#website"},"datePublished":"2018-01-07T18:10:23+00:00","dateModified":"2019-12-24T08:16:29+00:00","breadcrumb":{"@id":"https:\/\/api-green.com\/index.php\/ils-aident-les-abeilles-faites-comme-eux\/#breadcrumb"},"inLanguage":"fr-FR","potentialAction":[{"@type":"ReadAction","target":["https:\/\/api-green.com\/index.php\/ils-aident-les-abeilles-faites-comme-eux\/"]}]},{"@type":"BreadcrumbList","@id":"https:\/\/api-green.com\/index.php\/ils-aident-les-abeilles-faites-comme-eux\/#breadcrumb","itemListElement":[{"@type":"ListItem","position":1,"name":"Accueil","item":"https:\/\/api-green.com\/"},{"@type":"ListItem","position":2,"name":"Ils aident les abeilles&#8230; Fa\u00eetes comme eux!"}]},{"@type":"WebSite","@id":"https:\/\/api-green.com\/#website","url":"https:\/\/api-green.com\/","name":"Api-green","description":"Aidez les abeilles","potentialAction":[{"@type":"SearchAction","target":{"@type":"EntryPoint","urlTemplate":"https:\/\/api-green.com\/?s={search_term_string}"},"query-input":{"@type":"PropertyValueSpecification","valueRequired":true,"valueName":"search_term_string"}}],"inLanguage":"fr-FR"}]}},"_links":{"self":[{"href":"https:\/\/api-green.com\/index.php\/wp-json\/wp\/v2\/pages\/33","targetHints":{"allow":["GET"]}}],"collection":[{"href":"https:\/\/api-green.com\/index.php\/wp-json\/wp\/v2\/pages"}],"about":[{"href":"https:\/\/api-green.com\/index.php\/wp-json\/wp\/v2\/types\/page"}],"author":[{"embeddable":true,"href":"https:\/\/api-green.com\/index.php\/wp-json\/wp\/v2\/users\/1"}],"replies":[{"embeddable":true,"href":"https:\/\/api-green.com\/index.php\/wp-json\/wp\/v2\/comments?post=33"}],"version-history":[{"count":4,"href":"https:\/\/api-green.com\/index.php\/wp-json\/wp\/v2\/pages\/33\/revisions"}],"predecessor-version":[{"id":618,"href":"https:\/\/api-green.com\/index.php\/wp-json\/wp\/v2\/pages\/33\/revisions\/618"}],"wp:attachment":[{"href":"https:\/\/api-green.com\/index.php\/wp-json\/wp\/v2\/media?parent=33"}],"curies":[{"name":"wp","href":"https:\/\/api.w.org\/{rel}","templated":true}]}}